{"id":2,"date":"2016-05-10T03:48:21","date_gmt":"2016-05-10T03:48:21","guid":{"rendered":"http:\/\/wp452m.a10-52-158-154.qa.plesk.ru\/wordpress\/?page_id=2"},"modified":"2023-12-04T15:44:25","modified_gmt":"2023-12-04T15:44:25","slug":"sample-page","status":"publish","type":"page","link":"https:\/\/www.kroeberdruckt.com\/cms\/","title":{"rendered":""},"content":{"rendered":"\n<div id=\"pu913-16\" class=\"clearfix colelem\">\n<p id=\"u913-16\" class=\"clearfix grpelem\">Herzlich willkommen bei Werbung &amp; Druck M.Kroeber GmbH,\n<br class=\"\"><\/p><p class=\"clearfix grpelem\"><\/p><p class=\"clearfix grpelem\">\nseit \u00fcber 50 Jahren steht Werbung &#038; Druck M. Kroeber f\u00fcr hochwertige Druckprodukte aller Art. Wir freuen uns, auch f\u00fcr Sie t\u00e4tig zu werden.<\/p>Unsere \u00d6ffnungszeiten sind Mo. bis Do. 8.00 bis 17:00 Uhr, freitags 8.00 bis 14:00 Uhr.\u2028<br class=\"\"><\/p><p class=\"clearfix grpelem\"><\/p><p class=\"clearfix grpelem\"><br class=\"\"><\/p><p class=\"clearfix grpelem\"><\/p><p class=\"clearfix grpelem\"><span style=\"font-family: Lucida Grande;\"><span style=\"font-size: 11pt;\"><br><\/span><\/span><\/p>\n<\/div>\n","protected":false},"excerpt":{"rendered":"<p>Herzlich willkommen bei Werbung &amp; Druck M.Kroeber GmbH, seit \u00fcber 50 Jahren steht Werbung &#038; Druck M. Kroeber f\u00fcr hochwertige Druckprodukte aller Art. Wir freuen uns, auch f\u00fcr Sie t\u00e4tig zu werden. Unsere \u00d6ffnungszeiten sind Mo. bis Do. 8.00 bis &hellip; <a class=\"kt-excerpt-readmore\" href=\"https:\/\/www.kroeberdruckt.com\/cms\/\" aria-label=\"\">Read More<\/a><\/p>\n","protected":false},"author":1,"featured_media":0,"parent":0,"menu_order":0,"comment_status":"closed","ping_status":"open","template":"","meta":{"footnotes":""},"class_list":["post-2","page","type-page","status-publish","hentry"],"_links":{"self":[{"href":"https:\/\/www.kroeberdruckt.com\/cms\/wp-json\/wp\/v2\/pages\/2","targetHints":{"allow":["GET"]}}],"collection":[{"href":"https:\/\/www.kroeberdruckt.com\/cms\/wp-json\/wp\/v2\/pages"}],"about":[{"href":"https:\/\/www.kroeberdruckt.com\/cms\/wp-json\/wp\/v2\/types\/page"}],"author":[{"embeddable":true,"href":"https:\/\/www.kroeberdruckt.com\/cms\/wp-json\/wp\/v2\/users\/1"}],"replies":[{"embeddable":true,"href":"https:\/\/www.kroeberdruckt.com\/cms\/wp-json\/wp\/v2\/comments?post=2"}],"version-history":[{"count":23,"href":"https:\/\/www.kroeberdruckt.com\/cms\/wp-json\/wp\/v2\/pages\/2\/revisions"}],"predecessor-version":[{"id":267,"href":"https:\/\/www.kroeberdruckt.com\/cms\/wp-json\/wp\/v2\/pages\/2\/revisions\/267"}],"wp:attachment":[{"href":"https:\/\/www.kroeberdruckt.com\/cms\/wp-json\/wp\/v2\/media?parent=2"}],"curies":[{"name":"wp","href":"https:\/\/api.w.org\/{rel}","templated":true}]}}