{"id":39,"date":"2017-03-03T11:35:22","date_gmt":"2017-03-03T11:35:22","guid":{"rendered":"http:\/\/www.kroeberdruckt.com\/cms\/?page_id=39"},"modified":"2023-12-04T15:56:32","modified_gmt":"2023-12-04T15:56:32","slug":"ueber-uns","status":"publish","type":"page","link":"https:\/\/www.kroeberdruckt.com\/cms\/ueber-uns\/","title":{"rendered":"\u00dcber uns"},"content":{"rendered":"<div id=\"u368_align_to_page\" class=\"clearfix\">\n<div id=\"pu369-4\" class=\"clearfix grpelem\">\n<div id=\"u371-4\" class=\"clearfix colelem\">\n<p>Seit \u00fcber 50 Jahren sind wir ein erfolgreiches Unternehmen, das 1972 mit bew\u00e4hrter Buchdrucktechnik startete. Heute kommt nat\u00fcrlich neben modernsten Offsetmaschinen auch digitale Drucktechnik zum Einsatz. In diesen mehr als f\u00fcnfzig Jahren haben wir gelernt, dass neben der klassischen Druckerei bester Service unverzichtbar ist.<\/p>\n<p>D<span id=\"transmark\" style=\"display: none; width: 0px; height: 0px;\"><\/span>ies wurde erreicht durch unsere kompetenten und hochmotivierten Mitarbeiter. Sollten Sie uns besuchen, werden Sie diese Freude sp\u00fcren, und diese Freude macht es uns leicht, unsere Unternehmenskultur zu leben.<\/p>\n<\/div>\n<\/div>\n<\/div>\n","protected":false},"excerpt":{"rendered":"<p>Seit \u00fcber 50 Jahren sind wir ein erfolgreiches Unternehmen, das 1972 mit bew\u00e4hrter Buchdrucktechnik startete. Heute kommt nat\u00fcrlich neben modernsten Offsetmaschinen auch digitale Drucktechnik zum Einsatz. In diesen mehr als f\u00fcnfzig Jahren haben wir gelernt, dass neben der klassischen Druckerei &hellip; <a class=\"kt-excerpt-readmore\" href=\"https:\/\/www.kroeberdruckt.com\/cms\/ueber-uns\/\" aria-label=\"\u00dcber uns\">Read More<\/a><\/p>\n","protected":false},"author":1,"featured_media":0,"parent":0,"menu_order":0,"comment_status":"closed","ping_status":"closed","template":"","meta":{"footnotes":""},"class_list":["post-39","page","type-page","status-publish","hentry"],"_links":{"self":[{"href":"https:\/\/www.kroeberdruckt.com\/cms\/wp-json\/wp\/v2\/pages\/39","targetHints":{"allow":["GET"]}}],"collection":[{"href":"https:\/\/www.kroeberdruckt.com\/cms\/wp-json\/wp\/v2\/pages"}],"about":[{"href":"https:\/\/www.kroeberdruckt.com\/cms\/wp-json\/wp\/v2\/types\/page"}],"author":[{"embeddable":true,"href":"https:\/\/www.kroeberdruckt.com\/cms\/wp-json\/wp\/v2\/users\/1"}],"replies":[{"embeddable":true,"href":"https:\/\/www.kroeberdruckt.com\/cms\/wp-json\/wp\/v2\/comments?post=39"}],"version-history":[{"count":3,"href":"https:\/\/www.kroeberdruckt.com\/cms\/wp-json\/wp\/v2\/pages\/39\/revisions"}],"predecessor-version":[{"id":272,"href":"https:\/\/www.kroeberdruckt.com\/cms\/wp-json\/wp\/v2\/pages\/39\/revisions\/272"}],"wp:attachment":[{"href":"https:\/\/www.kroeberdruckt.com\/cms\/wp-json\/wp\/v2\/media?parent=39"}],"curies":[{"name":"wp","href":"https:\/\/api.w.org\/{rel}","templated":true}]}}