{"id":7,"date":"2017-03-03T07:37:31","date_gmt":"2017-03-03T07:37:31","guid":{"rendered":"http:\/\/www.kroeberdruckt.com\/cms\/?page_id=7"},"modified":"2017-10-23T04:14:14","modified_gmt":"2017-10-23T04:14:14","slug":"print","status":"publish","type":"page","link":"https:\/\/www.kroeberdruckt.com\/cms\/angebot\/print\/","title":{"rendered":"print"},"content":{"rendered":"<p id=\"u1177-2\">Sie liefern die Druckdaten \u2013 wir liefern den Druck!<\/p>\n<p id=\"u1177-4\">Von Briefbogen \u00fcber Plakate bis hin zu Visitenkarten!<\/p>\n<p id=\"u1177-7\">&#8211; Qualit\u00e4tsprodukte, verl\u00e4ssliche Termine, flexible Projektabwicklung.<\/p>\n<p id=\"u1177-9\">&#8211; Nahezu alle Materialien, die bedruckt werden k\u00f6nnen, in unterschiedlichsten Formaten<\/p>\n<p>&#8211; im Offset- und Digitaldruck, mit Euroskala-, Pantone- oder HKS-Farben<\/p>\n<p>&#8211; Datenanlieferung, Korrektur, Druck<\/p>\n<div class=\"kad-youtube-shortcode videofit\"  ><iframe loading=\"lazy\" width=\"600\" height=\"400\" src=\"https:\/\/www.youtube.com\/embed\/seUexRCkLrI?autoplay=1&controls=1&fs=1&modestbranding=0&theme=dark&rel=0&loop=0&showinfo=1\" frameborder=\"0\" allowfullscreen=\"true\"><\/iframe><\/div>\n","protected":false},"excerpt":{"rendered":"<p>Sie liefern die Druckdaten \u2013 wir liefern den Druck! Von Briefbogen \u00fcber Plakate bis hin zu Visitenkarten! &#8211; Qualit\u00e4tsprodukte, verl\u00e4ssliche Termine, flexible Projektabwicklung. &#8211; Nahezu alle Materialien, die bedruckt werden k\u00f6nnen, in unterschiedlichsten Formaten &#8211; im Offset- und Digitaldruck, mit &hellip; <a class=\"kt-excerpt-readmore\" href=\"https:\/\/www.kroeberdruckt.com\/cms\/angebot\/print\/\" aria-label=\"print\">Read More<\/a><\/p>\n","protected":false},"author":1,"featured_media":0,"parent":156,"menu_order":0,"comment_status":"closed","ping_status":"closed","template":"page-fullwidth.php","meta":{"footnotes":""},"class_list":["post-7","page","type-page","status-publish","hentry"],"_links":{"self":[{"href":"https:\/\/www.kroeberdruckt.com\/cms\/wp-json\/wp\/v2\/pages\/7","targetHints":{"allow":["GET"]}}],"collection":[{"href":"https:\/\/www.kroeberdruckt.com\/cms\/wp-json\/wp\/v2\/pages"}],"about":[{"href":"https:\/\/www.kroeberdruckt.com\/cms\/wp-json\/wp\/v2\/types\/page"}],"author":[{"embeddable":true,"href":"https:\/\/www.kroeberdruckt.com\/cms\/wp-json\/wp\/v2\/users\/1"}],"replies":[{"embeddable":true,"href":"https:\/\/www.kroeberdruckt.com\/cms\/wp-json\/wp\/v2\/comments?post=7"}],"version-history":[{"count":5,"href":"https:\/\/www.kroeberdruckt.com\/cms\/wp-json\/wp\/v2\/pages\/7\/revisions"}],"predecessor-version":[{"id":177,"href":"https:\/\/www.kroeberdruckt.com\/cms\/wp-json\/wp\/v2\/pages\/7\/revisions\/177"}],"up":[{"embeddable":true,"href":"https:\/\/www.kroeberdruckt.com\/cms\/wp-json\/wp\/v2\/pages\/156"}],"wp:attachment":[{"href":"https:\/\/www.kroeberdruckt.com\/cms\/wp-json\/wp\/v2\/media?parent=7"}],"curies":[{"name":"wp","href":"https:\/\/api.w.org\/{rel}","templated":true}]}}