{"id":9,"date":"2017-03-03T07:38:14","date_gmt":"2017-03-03T07:38:14","guid":{"rendered":"http:\/\/www.kroeberdruckt.com\/cms\/?page_id=9"},"modified":"2017-04-03T03:22:58","modified_gmt":"2017-04-03T03:22:58","slug":"smartlogistics","status":"publish","type":"page","link":"https:\/\/www.kroeberdruckt.com\/cms\/smartlogistics\/","title":{"rendered":"smartlogistics"},"content":{"rendered":"<div id=\"pu1552\" class=\"clearfix colelem\">\n<div id=\"u1229-4\" class=\"clearfix grpelem\">\n<h5><div class=\"kad-youtube-shortcode videofit\"  ><iframe loading=\"lazy\" width=\"600\" height=\"400\" src=\"https:\/\/www.youtube.com\/embed\/iACsVs-1kiY?autoplay=1&controls=1&fs=1&modestbranding=0&theme=dark&rel=0&loop=0&showinfo=1\" frameborder=\"0\" allowfullscreen=\"true\"><\/iframe><\/div><\/h5>\n<h5><img loading=\"lazy\" decoding=\"async\" class=\"size-full wp-image-92 alignright\" src=\"https:\/\/www.kroeberdruckt.com\/cms\/wp-content\/uploads\/2017\/03\/smartlogistics-rgb-y15-neu2.png\" alt=\"\" width=\"171\" height=\"105\" srcset=\"https:\/\/www.kroeberdruckt.com\/cms\/wp-content\/uploads\/2017\/03\/smartlogistics-rgb-y15-neu2.png 171w, https:\/\/www.kroeberdruckt.com\/cms\/wp-content\/uploads\/2017\/03\/smartlogistics-rgb-y15-neu2-80x50.png 80w\" sizes=\"auto, (max-width: 171px) 100vw, 171px\" \/><br \/>\n<span id=\"transmark\" style=\"display: none; width: 0px; height: 0px;\"><\/span>Einfach, schnell und effizient<\/h5>\n<div id=\"u1248-13\" class=\"clearfix colelem\">\n<p id=\"u1248-2\">Die passwortgesch\u00fctzte Online-Abwicklung f\u00fcr Printmedien aller Art. Vorteilhaft f\u00fcr Unternehmen mit weitverzweigter Vertriebsstruktur.<\/p>\n<h5 id=\"u1248-5\">Kundenvorteil<\/h5>\n<p id=\"u1248-9\">Unternehmen mit dezentralen Vertriebskontakten k\u00f6nnen durch <span id=\"u1248-7\">smartlogistics<\/span> bedrucktes Material vor Ort flexibel in Form, Menge und Termin CI-gerecht einsetzen.<\/p>\n<p id=\"u1248-11\">Kein eigenes Lager, flexible Produktion und Lieferung nach Aktionszeitplan sowie lokale Anpassungen sind in der Matrix individuell einf\u00fcgbar.<\/p>\n<p>&nbsp;<\/p>\n<\/div>\n<\/div>\n<\/div>\n","protected":false},"excerpt":{"rendered":"<p>Einfach, schnell und effizient Die passwortgesch\u00fctzte Online-Abwicklung f\u00fcr Printmedien aller Art. Vorteilhaft f\u00fcr Unternehmen mit weitverzweigter Vertriebsstruktur. Kundenvorteil Unternehmen mit dezentralen Vertriebskontakten k\u00f6nnen durch smartlogistics bedrucktes Material vor Ort flexibel in Form, Menge und Termin CI-gerecht einsetzen. Kein eigenes Lager, &hellip; <a class=\"kt-excerpt-readmore\" href=\"https:\/\/www.kroeberdruckt.com\/cms\/smartlogistics\/\" aria-label=\"smartlogistics\">Read More<\/a><\/p>\n","protected":false},"author":1,"featured_media":0,"parent":0,"menu_order":0,"comment_status":"closed","ping_status":"closed","template":"page-fullwidth.php","meta":{"footnotes":""},"class_list":["post-9","page","type-page","status-publish","hentry"],"_links":{"self":[{"href":"https:\/\/www.kroeberdruckt.com\/cms\/wp-json\/wp\/v2\/pages\/9","targetHints":{"allow":["GET"]}}],"collection":[{"href":"https:\/\/www.kroeberdruckt.com\/cms\/wp-json\/wp\/v2\/pages"}],"about":[{"href":"https:\/\/www.kroeberdruckt.com\/cms\/wp-json\/wp\/v2\/types\/page"}],"author":[{"embeddable":true,"href":"https:\/\/www.kroeberdruckt.com\/cms\/wp-json\/wp\/v2\/users\/1"}],"replies":[{"embeddable":true,"href":"https:\/\/www.kroeberdruckt.com\/cms\/wp-json\/wp\/v2\/comments?post=9"}],"version-history":[{"count":5,"href":"https:\/\/www.kroeberdruckt.com\/cms\/wp-json\/wp\/v2\/pages\/9\/revisions"}],"predecessor-version":[{"id":95,"href":"https:\/\/www.kroeberdruckt.com\/cms\/wp-json\/wp\/v2\/pages\/9\/revisions\/95"}],"wp:attachment":[{"href":"https:\/\/www.kroeberdruckt.com\/cms\/wp-json\/wp\/v2\/media?parent=9"}],"curies":[{"name":"wp","href":"https:\/\/api.w.org\/{rel}","templated":true}]}}